{"id":8,"date":"2025-05-05T12:55:08","date_gmt":"2025-05-05T12:55:08","guid":{"rendered":"https:\/\/comfortcareacademy.com\/?page_id=8"},"modified":"2025-06-19T15:20:03","modified_gmt":"2025-06-19T15:20:03","slug":"about-us","status":"publish","type":"page","link":"https:\/\/comfortcareacademy.com\/fr\/about-us\/","title":{"rendered":"\u00c0 propos de nous"},"content":{"rendered":"<div data-elementor-type=\"wp-page\" data-elementor-id=\"8\" class=\"elementor elementor-8\">\n\t\t\t\t<div class=\"elementor-element elementor-element-1510af6 e-con-full e-flex e-con e-parent\" data-id=\"1510af6\" data-element_type=\"container\" data-settings=\"{&quot;background_background&quot;:&quot;classic&quot;}\">\n\t\t<div class=\"elementor-element elementor-element-b29c702 e-con-full e-flex e-con e-child\" data-id=\"b29c702\" data-element_type=\"container\">\n\t\t\t\t<div class=\"elementor-element elementor-element-7c1d325 elementor-widget elementor-widget-heading\" data-id=\"7c1d325\" data-element_type=\"widget\" data-widget_type=\"heading.default\">\n\t\t\t\t<div class=\"elementor-widget-container\">\n\t\t\t\t\t<h2 class=\"elementor-heading-title elementor-size-default\">COMFORT CARE ACADEMY<\/h2>\t\t\t\t<\/div>\n\t\t\t\t<\/div>\n\t\t\t\t<div class=\"elementor-element elementor-element-7870352 elementor-widget elementor-widget-heading\" data-id=\"7870352\" data-element_type=\"widget\" data-widget_type=\"heading.default\">\n\t\t\t\t<div class=\"elementor-widget-container\">\n\t\t\t\t\t<h2 class=\"elementor-heading-title elementor-size-default\">L'\u00e9ducation en mati\u00e8re de sant\u00e9 affin\u00e9e<\/h2>\t\t\t\t<\/div>\n\t\t\t\t<\/div>\n\t\t\t\t<\/div>\n\t\t<div class=\"elementor-element elementor-element-db3afcf e-con-full e-flex e-con e-child\" data-id=\"db3afcf\" data-element_type=\"container\">\n\t\t\t\t<div class=\"elementor-element elementor-element-443fb93 elementor-widget elementor-widget-image\" data-id=\"443fb93\" data-element_type=\"widget\" data-widget_type=\"image.default\">\n\t\t\t\t<div class=\"elementor-widget-container\">\n\t\t\t\t\t\t\t\t\t\t\t\t\t\t\t<img fetchpriority=\"high\" decoding=\"async\" width=\"1640\" height=\"924\" src=\"https:\/\/comfortcareacademy.com\/wp-content\/uploads\/2025\/06\/COMFORT-CARE-ACADEMY-banner-new-logo-TB.png\" class=\"attachment-2048x2048 size-2048x2048 wp-image-449\" alt=\"\" srcset=\"https:\/\/comfortcareacademy.com\/wp-content\/uploads\/2025\/06\/COMFORT-CARE-ACADEMY-banner-new-logo-TB.png 1640w, https:\/\/comfortcareacademy.com\/wp-content\/uploads\/2025\/06\/COMFORT-CARE-ACADEMY-banner-new-logo-TB-300x169.png 300w, https:\/\/comfortcareacademy.com\/wp-content\/uploads\/2025\/06\/COMFORT-CARE-ACADEMY-banner-new-logo-TB-1024x577.png 1024w, https:\/\/comfortcareacademy.com\/wp-content\/uploads\/2025\/06\/COMFORT-CARE-ACADEMY-banner-new-logo-TB-768x433.png 768w, https:\/\/comfortcareacademy.com\/wp-content\/uploads\/2025\/06\/COMFORT-CARE-ACADEMY-banner-new-logo-TB-1536x865.png 1536w, https:\/\/comfortcareacademy.com\/wp-content\/uploads\/2025\/06\/COMFORT-CARE-ACADEMY-banner-new-logo-TB-18x10.png 18w\" sizes=\"(max-width: 1640px) 100vw, 1640px\" \/>\t\t\t\t\t\t\t\t\t\t\t\t\t\t\t<\/div>\n\t\t\t\t<\/div>\n\t\t\t\t<\/div>\n\t\t\t\t<\/div>\n\t\t<div class=\"elementor-element elementor-element-3cc39e4 e-flex e-con-boxed e-con e-parent\" data-id=\"3cc39e4\" data-element_type=\"container\">\n\t\t\t\t\t<div class=\"e-con-inner\">\n\t\t\t\t<div class=\"elementor-element elementor-element-cc102cd elementor-widget elementor-widget-heading\" data-id=\"cc102cd\" data-element_type=\"widget\" data-widget_type=\"heading.default\">\n\t\t\t\t<div class=\"elementor-widget-container\">\n\t\t\t\t\t<h2 class=\"elementor-heading-title elementor-size-default\">Comfort Care Academy, o\u00f9 la compassion rencontre l'excellence<\/h2>\t\t\t\t<\/div>\n\t\t\t\t<\/div>\n\t\t\t\t<div class=\"elementor-element elementor-element-3b06872 elementor-widget elementor-widget-text-editor\" data-id=\"3b06872\" data-element_type=\"widget\" data-widget_type=\"text-editor.default\">\n\t\t\t\t<div class=\"elementor-widget-container\">\n\t\t\t\t\t\t\t\t\t<p><span style=\"font-weight: 400;\">Chez Comfort Care Academy, nos valeurs fondamentales sont le fondement de tout ce que nous faisons.\u00a0<\/span><\/p>\t\t\t\t\t\t\t\t<\/div>\n\t\t\t\t<\/div>\n\t\t\t\t\t<\/div>\n\t\t\t\t<\/div>\n\t\t<div class=\"elementor-element elementor-element-1f5ea4ef e-flex e-con-boxed e-con e-parent\" data-id=\"1f5ea4ef\" data-element_type=\"container\" data-settings=\"{&quot;background_background&quot;:&quot;classic&quot;}\">\n\t\t\t\t\t<div class=\"e-con-inner\">\n\t\t<div class=\"elementor-element elementor-element-5156f820 e-con-full e-flex e-con e-child\" data-id=\"5156f820\" data-element_type=\"container\" data-settings=\"{&quot;background_background&quot;:&quot;classic&quot;}\">\n\t\t\t\t<div class=\"elementor-element elementor-element-3782c203 elementor-widget__width-initial elementor-widget-mobile__width-inherit elementor-widget elementor-widget-elementskit-image-box\" data-id=\"3782c203\" data-element_type=\"widget\" data-widget_type=\"elementskit-image-box.default\">\n\t\t\t\t<div class=\"elementor-widget-container\">\n\t\t\t\t\t<div class=\"ekit-wid-con\" >\n            <div class=\"elementskit-info-image-box ekit-image-box text-center floating-style\" >\n\n                \n                <div class=\"elementskit-box-header image-box-img-center\">\n\n                    <img decoding=\"async\" width=\"1280\" height=\"720\" src=\"https:\/\/comfortcareacademy.com\/wp-content\/uploads\/2025\/05\/notre-mission.jpg\" class=\"attachment-full size-full wp-image-328\" alt=\"\" srcset=\"https:\/\/comfortcareacademy.com\/wp-content\/uploads\/2025\/05\/notre-mission.jpg 1280w, https:\/\/comfortcareacademy.com\/wp-content\/uploads\/2025\/05\/notre-mission-300x169.jpg 300w, https:\/\/comfortcareacademy.com\/wp-content\/uploads\/2025\/05\/notre-mission-1024x576.jpg 1024w, https:\/\/comfortcareacademy.com\/wp-content\/uploads\/2025\/05\/notre-mission-768x432.jpg 768w, https:\/\/comfortcareacademy.com\/wp-content\/uploads\/2025\/05\/notre-mission-18x10.jpg 18w\" sizes=\"(max-width: 1280px) 100vw, 1280px\" \/>\n                <\/div>\n                \n                <div class=\"elementskit-box-body ekit-image-box-body\">\n                    <div class=\"elementskit-box-content ekit-image-box-body-inner\">\n                                                <h5 class=\"elementskit-info-box-title\">\n\n                        \n                            <i aria-hidden=\"true\" class=\"icon icon-rocket\"><\/i>\n                        Notre mission\n                        \n                    <\/h5>\n                                                            <div class=\"elementskit-box-style-content\">\n                        Notre mission est de cr\u00e9er la prochaine g\u00e9n\u00e9ration de professionnels de la sant\u00e9 comp\u00e9tents et compatissants.                    <\/div>\n                                    <\/div>\n\n                            <\/div>\n            <\/div>\n    <\/div>\t\t\t\t<\/div>\n\t\t\t\t<\/div>\n\t\t\t\t<div class=\"elementor-element elementor-element-389974d4 elementor-widget__width-initial elementor-widget-mobile__width-inherit elementor-widget elementor-widget-elementskit-image-box\" data-id=\"389974d4\" data-element_type=\"widget\" data-widget_type=\"elementskit-image-box.default\">\n\t\t\t\t<div class=\"elementor-widget-container\">\n\t\t\t\t\t<div class=\"ekit-wid-con\" >\n            <div class=\"elementskit-info-image-box ekit-image-box text-center floating-style\" >\n\n                \n                <div class=\"elementskit-box-header image-box-img-center\">\n\n                    <img decoding=\"async\" width=\"750\" height=\"475\" src=\"https:\/\/comfortcareacademy.com\/wp-content\/uploads\/2025\/05\/Nos-valeurs.jpg\" class=\"attachment-full size-full wp-image-156\" alt=\"\" srcset=\"\" sizes=\"(max-width: 750px) 100vw, 750px\" data-srcset=\"\" \/>\n                <\/div>\n                \n                <div class=\"elementskit-box-body ekit-image-box-body\">\n                    <div class=\"elementskit-box-content ekit-image-box-body-inner\">\n                                                <h5 class=\"elementskit-info-box-title\">\n\n                        \n                            <svg aria-hidden=\"true\" class=\"e-font-icon-svg e-far-heart\" viewbox=\"0 0 512 512\" xmlns=\"http:\/\/www.w3.org\/2000\/svg\"><path d=\"M458.4 64.3C400.6 15.7 311.3 23 256 79.3 200.7 23 111.4 15.6 53.6 64.3-21.6 127.6-10.6 230.8 43 285.5l175.4 178.7c10 10.2 23.4 15.9 37.6 15.9 14.3 0 27.6-5.6 37.6-15.8L469 285.6c53.5-54.7 64.7-157.9-10.6-221.3zm-23.6 187.5L259.4 430.5c-2.4 2.4-4.4 2.4-6.8 0L77.2 251.8c-36.5-37.2-43.9-107.6 7.3-150.7 38.9-32.7 98.9-27.8 136.5 10.5l35 35.7 35-35.7c37.8-38.5 97.8-43.2 136.5-10.6 51.1 43.1 43.5 113.9 7.3 150.8z\"><\/path><\/svg>\n                        Nos valeurs\n                        \n                    <\/h5>\n                                                            <div class=\"elementskit-box-style-content\">\n                        Nos valeurs fondamentales font partie de notre ADN et seront partag\u00e9es avec vous dans le cadre de votre formation : int\u00e9grit\u00e9, innovation, responsabilit\u00e9, honn\u00eatet\u00e9, respect, passion, confiance et soutien.                    <\/div>\n                                    <\/div>\n\n                            <\/div>\n            <\/div>\n    <\/div>\t\t\t\t<\/div>\n\t\t\t\t<\/div>\n\t\t\t\t<div class=\"elementor-element elementor-element-457bb4b4 elementor-widget__width-initial elementor-widget-mobile__width-inherit elementor-widget elementor-widget-elementskit-image-box\" data-id=\"457bb4b4\" data-element_type=\"widget\" data-widget_type=\"elementskit-image-box.default\">\n\t\t\t\t<div class=\"elementor-widget-container\">\n\t\t\t\t\t<div class=\"ekit-wid-con\" >\n            <div class=\"elementskit-info-image-box ekit-image-box text-center floating-style\" >\n\n                \n                <div class=\"elementskit-box-header image-box-img-center\">\n\n                    <img loading=\"lazy\" decoding=\"async\" width=\"1920\" height=\"1280\" src=\"https:\/\/comfortcareacademy.com\/wp-content\/uploads\/2025\/05\/Our-Vision.webp\" class=\"attachment-full size-full wp-image-158\" alt=\"\" srcset=\"https:\/\/comfortcareacademy.com\/wp-content\/uploads\/2025\/05\/Our-Vision.webp 1920w, https:\/\/comfortcareacademy.com\/wp-content\/uploads\/2025\/05\/Our-Vision-300x200.webp 300w, https:\/\/comfortcareacademy.com\/wp-content\/uploads\/2025\/05\/Our-Vision-1024x683.webp 1024w, https:\/\/comfortcareacademy.com\/wp-content\/uploads\/2025\/05\/Our-Vision-768x512.webp 768w, https:\/\/comfortcareacademy.com\/wp-content\/uploads\/2025\/05\/Our-Vision-1536x1024.webp 1536w\" sizes=\"(max-width: 1920px) 100vw, 1920px\" \/>\n                <\/div>\n                \n                <div class=\"elementskit-box-body ekit-image-box-body\">\n                    <div class=\"elementskit-box-content ekit-image-box-body-inner\">\n                                                <h5 class=\"elementskit-info-box-title\">\n\n                        \n                            <i aria-hidden=\"true\" class=\"icon icon-Target\"><\/i>\n                        Notre vision\n                        \n                    <\/h5>\n                                                            <div class=\"elementskit-box-style-content\">\n                        Notre vision est de donner \u00e0 tous les professionnels de la sant\u00e9 les moyens de prot\u00e9ger les patients vuln\u00e9rables de la soci\u00e9t\u00e9 dans le cadre des soins infirmiers.                    <\/div>\n                                    <\/div>\n\n                            <\/div>\n            <\/div>\n    <\/div>\t\t\t\t<\/div>\n\t\t\t\t<\/div>\n\t\t\t\t<\/div>\n\t\t\t\t\t<\/div>\n\t\t\t\t<\/div>\n\t\t<div class=\"elementor-element elementor-element-01d4f66 e-flex e-con-boxed e-con e-parent\" data-id=\"01d4f66\" data-element_type=\"container\" data-settings=\"{&quot;background_background&quot;:&quot;classic&quot;}\">\n\t\t\t\t\t<div class=\"e-con-inner\">\n\t\t\t\t<div class=\"elementor-element elementor-element-9e92d9c elementor-widget elementor-widget-text-editor\" data-id=\"9e92d9c\" data-element_type=\"widget\" data-widget_type=\"text-editor.default\">\n\t\t\t\t<div class=\"elementor-widget-container\">\n\t\t\t\t\t\t\t\t\t<p><span style=\"font-weight: 400;\">Fond\u00e9e en 2021 par un groupe de professionnels de sant\u00e9 passionn\u00e9s et d\u00e9vou\u00e9s, dont la mission est d'am\u00e9liorer et de renforcer la qualit\u00e9 et l'efficacit\u00e9 des PSSP. Nos concepts et principes sont reconnus mondialement et nos professeurs viennent du monde entier, notamment d'Europe, d'Afrique, du Canada et des \u00c9tats-Unis. Nos installations modernes, propres et confortables offrent un environnement d'apprentissage id\u00e9al, le tout \u00e0 un prix tr\u00e8s comp\u00e9titif.<\/span><\/p>\t\t\t\t\t\t\t\t<\/div>\n\t\t\t\t<\/div>\n\t\t\t\t\t<\/div>\n\t\t\t\t<\/div>\n\t\t<div class=\"elementor-element elementor-element-d93e278 e-flex e-con-boxed e-con e-parent\" data-id=\"d93e278\" data-element_type=\"container\">\n\t\t\t\t\t<div class=\"e-con-inner\">\n\t\t<div class=\"elementor-element elementor-element-638f982 e-con-full e-flex e-con e-child\" data-id=\"638f982\" data-element_type=\"container\">\n\t\t\t\t<div class=\"elementor-element elementor-element-6e5a248 elementor-widget elementor-widget-text-editor\" data-id=\"6e5a248\" data-element_type=\"widget\" data-widget_type=\"text-editor.default\">\n\t\t\t\t<div class=\"elementor-widget-container\">\n\t\t\t\t\t\t\t\t\t<p><span style=\"font-weight: 400;\">\u00c0 la Comfort Care Academy, nous allons au-del\u00e0 de l'enseignement traditionnel pour offrir une exp\u00e9rience exceptionnelle aux futurs pr\u00e9pos\u00e9s aux services de soutien \u00e0 la personne. Notre programme comprend des stages garantis pour offrir aux \u00e9tudiants une exp\u00e9rience concr\u00e8te et un avantage concurrentiel, ainsi qu'un accompagnement personnalis\u00e9 \u00e0 l'emploi et l'acc\u00e8s \u00e0 notre salon de l'emploi annuel. <\/span><\/p><p><span style=\"font-weight: 400;\">Nous offrons fi\u00e8rement l'int\u00e9gration fran\u00e7aise pour soutenir la r\u00e9ussite bilingue, et notre \u00e9quipe diversifi\u00e9e d'instructeurs internationaux apporte une perspective mondiale \u00e0 votre formation. <\/span><\/p>\t\t\t\t\t\t\t\t<\/div>\n\t\t\t\t<\/div>\n\t\t\t\t<\/div>\n\t\t<div class=\"elementor-element elementor-element-772b039 e-con-full e-flex e-con e-child\" data-id=\"772b039\" data-element_type=\"container\">\n\t\t\t\t<div class=\"elementor-element elementor-element-8a9cdb3 elementor-widget elementor-widget-image\" data-id=\"8a9cdb3\" data-element_type=\"widget\" data-widget_type=\"image.default\">\n\t\t\t\t<div class=\"elementor-widget-container\">\n\t\t\t\t\t\t\t\t\t\t\t\t\t\t\t<img loading=\"lazy\" decoding=\"async\" width=\"704\" height=\"506\" src=\"https:\/\/comfortcareacademy.com\/wp-content\/uploads\/2025\/05\/Nurse-and-Old-Lady-Patient.webp\" class=\"attachment-large size-large wp-image-159\" alt=\"\" srcset=\"https:\/\/comfortcareacademy.com\/wp-content\/uploads\/2025\/05\/Nurse-and-Old-Lady-Patient.webp 704w, https:\/\/comfortcareacademy.com\/wp-content\/uploads\/2025\/05\/Nurse-and-Old-Lady-Patient-300x216.webp 300w\" sizes=\"(max-width: 704px) 100vw, 704px\" \/>\t\t\t\t\t\t\t\t\t\t\t\t\t\t\t<\/div>\n\t\t\t\t<\/div>\n\t\t\t\t<\/div>\n\t\t\t\t\t<\/div>\n\t\t\t\t<\/div>\n\t\t<div class=\"elementor-element elementor-element-d696d94 e-con-full e-flex e-con e-parent\" data-id=\"d696d94\" data-element_type=\"container\">\n\t\t\t\t<div class=\"elementor-element elementor-element-08722a8 elementor-widget elementor-widget-image\" data-id=\"08722a8\" data-element_type=\"widget\" data-widget_type=\"image.default\">\n\t\t\t\t<div class=\"elementor-widget-container\">\n\t\t\t\t\t\t\t\t\t\t\t\t\t\t\t<img loading=\"lazy\" decoding=\"async\" width=\"1536\" height=\"587\" src=\"https:\/\/comfortcareacademy.com\/wp-content\/uploads\/2025\/05\/Doctors-with-Old-Lady-Patient-higher-resolution-1536x587.webp\" class=\"attachment-1536x1536 size-1536x1536 wp-image-161\" alt=\"\" srcset=\"https:\/\/comfortcareacademy.com\/wp-content\/uploads\/2025\/05\/Doctors-with-Old-Lady-Patient-higher-resolution-1536x587.webp 1536w, https:\/\/comfortcareacademy.com\/wp-content\/uploads\/2025\/05\/Doctors-with-Old-Lady-Patient-higher-resolution-300x115.webp 300w, https:\/\/comfortcareacademy.com\/wp-content\/uploads\/2025\/05\/Doctors-with-Old-Lady-Patient-higher-resolution-1024x391.webp 1024w, https:\/\/comfortcareacademy.com\/wp-content\/uploads\/2025\/05\/Doctors-with-Old-Lady-Patient-higher-resolution-768x293.webp 768w, https:\/\/comfortcareacademy.com\/wp-content\/uploads\/2025\/05\/Doctors-with-Old-Lady-Patient-higher-resolution-scaled.webp 1920w\" sizes=\"(max-width: 1536px) 100vw, 1536px\" \/>\t\t\t\t\t\t\t\t\t\t\t\t\t\t\t<\/div>\n\t\t\t\t<\/div>\n\t\t\t\t<\/div>\n\t\t<div class=\"elementor-element elementor-element-a5b4fd4 e-con-full e-flex e-con e-parent\" data-id=\"a5b4fd4\" data-element_type=\"container\" data-settings=\"{&quot;background_background&quot;:&quot;classic&quot;}\">\n\t\t\t\t<div class=\"elementor-element elementor-element-06ff22f elementor-widget elementor-widget-text-editor\" data-id=\"06ff22f\" data-element_type=\"widget\" data-widget_type=\"text-editor.default\">\n\t\t\t\t<div class=\"elementor-widget-container\">\n\t\t\t\t\t\t\t\t\t<p><span style=\"font-weight: 400;\">L'un de nos principaux atouts r\u00e9side dans nos modules de francisation, accessibles dans le cadre de notre programme de PSSP enrichi ou individuellement. Apr\u00e8s avoir r\u00e9ussi le module de fran\u00e7ais, vous aurez acquis les comp\u00e9tences linguistiques n\u00e9cessaires pour exercer en tant que PSSP dans un environnement francophone, et vous serez \u00e9galement \u00e9ligible \u00e0 un stage aupr\u00e8s de l'un de nos nombreux prestataires de soins de sant\u00e9 reconnus.<\/span><\/p><p><span style=\"font-weight: 400;\">De plus, nous maintenons l'\u00e9nergie et l'engagement de nos \u00e9tudiants gr\u00e2ce \u00e0 des collations et des boissons gratuites pendant les cours. \u00c0 la Comfort Care Academy, nous nous engageons \u00e0 former des professionnels exceptionnels et confiants, pr\u00eats \u00e0 avoir un impact significatif.<\/span><\/p>\t\t\t\t\t\t\t\t<\/div>\n\t\t\t\t<\/div>\n\t\t\t\t<\/div>\n\t\t<div class=\"elementor-element elementor-element-5b4d150b e-flex e-con-boxed e-con e-parent\" data-id=\"5b4d150b\" data-element_type=\"container\" data-settings=\"{&quot;background_background&quot;:&quot;classic&quot;}\">\n\t\t\t\t\t<div class=\"e-con-inner\">\n\t\t\t\t<div class=\"elementor-element elementor-element-54448555 elementor-align-center elementor-widget elementor-widget-button\" data-id=\"54448555\" data-element_type=\"widget\" data-widget_type=\"button.default\">\n\t\t\t\t<div class=\"elementor-widget-container\">\n\t\t\t\t\t\t\t\t\t<div class=\"elementor-button-wrapper\">\n\t\t\t\t\t<a class=\"elementor-button elementor-button-link elementor-size-sm\" href=\"https:\/\/docs.google.com\/forms\/d\/e\/1FAIpQLSeTfpWD-BQriul8jlt1E7dMuul1ow7XrAAvcxADX_re4_JJmQ\/viewform?usp=header\">\n\t\t\t\t\t\t<span class=\"elementor-button-content-wrapper\">\n\t\t\t\t\t\t\t\t\t<span class=\"elementor-button-text\">Postulez maintenant<\/span>\n\t\t\t\t\t<\/span>\n\t\t\t\t\t<\/a>\n\t\t\t\t<\/div>\n\t\t\t\t\t\t\t\t<\/div>\n\t\t\t\t<\/div>\n\t\t\t\t\t<\/div>\n\t\t\t\t<\/div>\n\t\t\t\t<\/div>","protected":false},"excerpt":{"rendered":"<p>COMFORT CARE ACADEMY Healthcare Education Refined Comfort Care Academy, where compassion meets excellence ! At Comfort Care Academy, our core [&hellip;]<\/p>","protected":false},"author":1,"featured_media":0,"parent":0,"menu_order":0,"comment_status":"closed","ping_status":"closed","template":"","meta":{"site-sidebar-layout":"no-sidebar","site-content-layout":"","ast-site-content-layout":"full-width-container","site-content-style":"default","site-sidebar-style":"default","ast-global-header-display":"","ast-banner-title-visibility":"","ast-main-header-display":"","ast-hfb-above-header-display":"","ast-hfb-below-header-display":"","ast-hfb-mobile-header-display":"","site-post-title":"disabled","ast-breadcrumbs-content":"","ast-featured-img":"disabled","footer-sml-layout":"","theme-transparent-header-meta":"","adv-header-id-meta":"","stick-header-meta":"","header-above-stick-meta":"","header-main-stick-meta":"","header-below-stick-meta":"","astra-migrate-meta-layouts":"default","ast-page-background-enabled":"default","ast-page-background-meta":{"desktop":{"background-color":"var(--ast-global-color-5)","background-image":"","background-repeat":"repeat","background-position":"center center","background-size":"auto","background-attachment":"scroll","background-type":"","background-media":"","overlay-type":"","overlay-color":"","overlay-opacity":"","overlay-gradient":""},"tablet":{"background-color":"","background-image":"","background-repeat":"repeat","background-position":"center center","background-size":"auto","background-attachment":"scroll","background-type":"","background-media":"","overlay-type":"","overlay-color":"","overlay-opacity":"","overlay-gradient":""},"mobile":{"background-color":"","background-image":"","background-repeat":"repeat","background-position":"center center","background-size":"auto","background-attachment":"scroll","background-type":"","background-media":"","overlay-type":"","overlay-color":"","overlay-opacity":"","overlay-gradient":""}},"ast-content-background-meta":{"desktop":{"background-color":"var(--ast-global-color-4)","background-image":"","background-repeat":"repeat","background-position":"center center","background-size":"auto","background-attachment":"scroll","background-type":"","background-media":"","overlay-type":"","overlay-color":"","overlay-opacity":"","overlay-gradient":""},"tablet":{"background-color":"var(--ast-global-color-4)","background-image":"","background-repeat":"repeat","background-position":"center center","background-size":"auto","background-attachment":"scroll","background-type":"","background-media":"","overlay-type":"","overlay-color":"","overlay-opacity":"","overlay-gradient":""},"mobile":{"background-color":"var(--ast-global-color-4)","background-image":"","background-repeat":"repeat","background-position":"center center","background-size":"auto","background-attachment":"scroll","background-type":"","background-media":"","overlay-type":"","overlay-color":"","overlay-opacity":"","overlay-gradient":""}},"footnotes":""},"class_list":["post-8","page","type-page","status-publish","hentry"],"_links":{"self":[{"href":"https:\/\/comfortcareacademy.com\/fr\/wp-json\/wp\/v2\/pages\/8","targetHints":{"allow":["GET"]}}],"collection":[{"href":"https:\/\/comfortcareacademy.com\/fr\/wp-json\/wp\/v2\/pages"}],"about":[{"href":"https:\/\/comfortcareacademy.com\/fr\/wp-json\/wp\/v2\/types\/page"}],"author":[{"embeddable":true,"href":"https:\/\/comfortcareacademy.com\/fr\/wp-json\/wp\/v2\/users\/1"}],"replies":[{"embeddable":true,"href":"https:\/\/comfortcareacademy.com\/fr\/wp-json\/wp\/v2\/comments?post=8"}],"version-history":[{"count":61,"href":"https:\/\/comfortcareacademy.com\/fr\/wp-json\/wp\/v2\/pages\/8\/revisions"}],"predecessor-version":[{"id":453,"href":"https:\/\/comfortcareacademy.com\/fr\/wp-json\/wp\/v2\/pages\/8\/revisions\/453"}],"wp:attachment":[{"href":"https:\/\/comfortcareacademy.com\/fr\/wp-json\/wp\/v2\/media?parent=8"}],"curies":[{"name":"wp","href":"https:\/\/api.w.org\/{rel}","templated":true}]}}